{"id":5661,"date":"2025-04-07T13:31:10","date_gmt":"2025-04-07T11:31:10","guid":{"rendered":"https:\/\/www.gruendercube.de\/participation\/"},"modified":"2025-11-07T11:31:29","modified_gmt":"2025-11-07T10:31:29","slug":"participation","status":"publish","type":"page","link":"https:\/\/www.gruendercube.de\/en\/participation\/","title":{"rendered":"Participation in the start-up prize of Sparkasse zu L\u00fcbeck 2025"},"content":{"rendered":"<p><strong>The price<\/strong><\/p>\n<p style=\"font-weight: 400;\">On November 18, 2025, the Sparkasse zu L\u00fcbeck Founder&#8217;s Prize, endowed with 10,000 euros, will be awarded for the ninth time for convincing and sustainable business concepts, carefully researched markets and strong personalities or teams.&nbsp;<\/p>\n<p style=\"font-weight: 400;\">The prize money is donated by Sparkasse zu L\u00fcbeck AG<a href=\"https:\/\/uni-luebeck.webex.com\/uni-luebeck\/j.php?MTID=m8659b96cd750d4b83ce9519c32556c81\" style=\"background-color: rgb(255, 255, 255); font-size: 1rem;\">.https:\/\/uni-luebeck.webex.com\/uni-luebeck\/j.php?MTID=m8659b96cd750d4b83ce9519c32556c81<\/a><\/p>\n<p style=\"font-weight: 400;\">The award recognizes outstanding and exemplary achievements in the development of innovative and promising business concepts and the establishment of new companies.<\/p>\n<p style=\"font-weight: 400;\">A special prize for extraordinary creative achievements can also be awarded, i.e. the prize money can also be divided among several prize winners.<\/p>\n<h3><strong>The application<\/strong><\/h3>\n<p>Only the following are eligible to participate<\/p>\n<ul>\n<li>Students<\/li>\n<li>Employees<\/li>\n<li>Graduates who have developed an innovative business concept or founded a company<\/li>\n<\/ul>\n<p>of the University of L\u00fcbeck, the L\u00fcbeck University of Applied Sciences and the UKSH Campus L\u00fcbeck.<\/p>\n<p>Start-ups that were founded no more than three years ago can also take part in the competition. Applicants should still be active in the immediate vicinity of the Hanse Innovation Campus L\u00fcbeck. <\/p>\n<h3><strong>The application documents<\/strong><\/h3>\n<h4><strong>1. business concept<\/strong><\/h4>\n<p>A convincing and viable business concept in the form of a short and concise, but nevertheless meaningful business plan (maximum 8 pages plus attachments) in the following structure (see Appendix 2) is a prerequisite for the application:<\/p>\n<ul>\n<li>Summary<\/li>\n<li>Description of the founding idea of the object of the company<\/li>\n<li>Presentation of the founders or the company management<\/li>\n<li>Market overview, marketing and sales concept<\/li>\n<li>Corporate and financial planning<\/li>\n<li>Attachments<\/li>\n<\/ul>\n<p>The application documents can be supplemented to an appropriate extent with meaningful information material such as photos, brochures etc. as well as existing technical documents and\/or tables.<\/p>\n<p>The Gr\u00fcnderCube team will be happy to support and advise you in drawing up your business concept.<\/p>\n<h4><strong>2. short video<\/strong><\/h4>\n<p>In addition to the written business concept, a short video must be submitted in which the business concept is pitched in under one minute.<\/p>\n<p>The video will be posted online at <a style=\"color: #ff0000;\" href=\"http:\/\/www.gruendercube.de\">www.gruendercube.de<\/a>. Votes can be cast for the individual videos from September 23 to October 14, 2025 11:59 pm. The video with the most votes will receive bonus points, which will be added to the jury score.  <\/p>\n<h4><strong>Content of the video:<\/strong><\/h4>\n<ul>\n<li>Who are we and what do we want to do? (Short introduction of the team and description of the idea) <\/li>\n<li>Why do we want to do it? (What problem\/question do we want to solve?) <\/li>\n<li>How do we want to do it? (How does our idea work?) <\/li>\n<li>What is the unique selling point? (Innovative application, innovative transfer, etc.) <\/li>\n<\/ul>\n<h4><strong>Technical specifications:<\/strong><\/h4>\n<p>The following technical specifications must be observed for the video:<\/p>\n<ul>\n<li>Duration of the video: max. 01:00 minute <\/li>\n<li>Recording in landscape format; recording with a smartphone is absolutely sufficient<\/li>\n<li>maximum 500 MB<\/li>\n<li>Please submit as MP4 file<\/li>\n<li>Submission deadline: September 14, 2025, 11:59 pm. Due to the high data volume, please send your video via WeTransfer to <a href=\"mailto:info@gruendercube.de\">info@gruendercube.de<\/a> <\/li>\n<\/ul>\n<h4><strong>3. application documents<\/strong><\/h4>\n<p>Please complete the application documents and attach them to the business concept.<\/p>\n<h4><strong>4. privacy policy<\/strong><\/h4>\n<p>Each applicant must sign the data protection declaration (digital signature) and enclose it with the application.<\/p>\n<p style=\"font-weight: 400;\">\n<p><strong>Download the documents<\/strong><\/p>\n<p><a style=\"color: #ff0000;\" href=\"https:\/\/www.gruendercube.de\/wp-content\/uploads\/2025\/04\/Anlage-1-Bewerbungsunterlagen-Gruenderpreis-der-Sparkasse-zu-Luebeck-2025.pdf\">Appendix 1 Application documents for the Sparkasse zu L\u00fcbeck 2025 Founder Award<\/a> <\/p>\n<p><a style=\"color: #ff0000;\" href=\"https:\/\/www.gruendercube.de\/wp-content\/uploads\/2025\/04\/Anlage-2-Geschaeftsplanstruktur-Gruenderpreis-der-Sparkasse-zu-Luebeck-2025.pdf\">Appendix 2 Business plan structure for the Sparkasse zu L\u00fcbeck Founder Award 2025<\/a> <\/p>\n<p><a style=\"color: #ff0000;\" href=\"https:\/\/www.gruendercube.de\/wp-content\/uploads\/2025\/04\/Ausschreibungsunterlagen-Gruenderpreis-der-Sparkasse-zu-Luebeck-2025.pdf\">Tender documents for the Sparkasse zu L\u00fcbeck 2025 start-up prize<\/a> <\/p>\n<p><a style=\"color: #ff0000;\" href=\"https:\/\/www.gruendercube.de\/wp-content\/uploads\/2025\/04\/Einwilligung-Datenschutz-GruenderCube.pdf\">Consent to data protection Gr\u00fcnderCube<\/a><\/p>\n<p>\t\t\t\t\t\t\t\t\t\t\t\t\t\t\t<img fetchpriority=\"high\" decoding=\"async\" width=\"800\" height=\"400\" src=\"https:\/\/www.gruendercube.de\/wp-content\/uploads\/2025\/04\/Sparkassenpreis2025-Webteaser-1024x512.jpg\" alt=\"\" srcset=\"https:\/\/www.gruendercube.de\/wp-content\/uploads\/2025\/04\/Sparkassenpreis2025-Webteaser-1024x512.jpg 1024w, https:\/\/www.gruendercube.de\/wp-content\/uploads\/2025\/04\/Sparkassenpreis2025-Webteaser-300x150.jpg 300w, https:\/\/www.gruendercube.de\/wp-content\/uploads\/2025\/04\/Sparkassenpreis2025-Webteaser-768x384.jpg 768w, https:\/\/www.gruendercube.de\/wp-content\/uploads\/2025\/04\/Sparkassenpreis2025-Webteaser-1536x768.jpg 1536w, https:\/\/www.gruendercube.de\/wp-content\/uploads\/2025\/04\/Sparkassenpreis2025-Webteaser-2048x1024.jpg 2048w\" sizes=\"(max-width: 800px) 100vw, 800px\">\t\t\t\t\t\t\t\t\t\t\t\t\t\t\t<\/p>\n<h3><strong>Jury and selection procedure<\/strong><\/h3>\n<p>The jury members are appointed by the Gr\u00fcnderCube team in coordination with the Sparkasse zu L\u00fcbeck, the University of L\u00fcbeck and the L\u00fcbeck University of Applied Sciences and perform their duties on a voluntary basis. The jury consists of experienced and established entrepreneurs, successful start-up entrepreneurs, start-up consultants, experts in R&amp;D funding and professors from the University of L\u00fcbeck and L\u00fcbeck University of Applied Sciences. <\/p>\n<p>The jury members maintain the strictest confidentiality in their work. The meetings and deliberations of the jury are not public. The jury&#8217;s decision is based on a simple majority of its members.  <\/p>\n<p>A jury &#8211; experts from business and science &#8211; will review the applications and make the selection. The following criteria will be taken into account: <\/p>\n<p>&#8211; Presentation, coherence of the concept<\/p>\n<p>&#8211; Degree of innovation<\/p>\n<p>&#8211; Economic viability<\/p>\n<p>&#8211; Management\/founders<\/p>\n<p>&#8211; Growth opportunities<\/p>\n<p>The best applicants will be invited to present their project to the jury in a short presentation, date to follow.<\/p>\n<p>The winner of the Sparkasse zu L\u00fcbeck 2025 Founder&#8217;s Prize will then be determined based on the written business concept, the pitch and the short video submitted. The award ceremony will take place on November 18, 2025 as part of a festive event in the Audimax on the Hanse Innovation Campus L\u00fcbeck. <\/p>\n<h4><strong>Implementation of the competition<\/strong><\/h4>\n<p>The application deadline is September 14, 2025, 11:59 p.m. The application documents must be sent electronically to <a style=\"color: #ff0000;\" href=\"mailto:info@gruendercube.de\">info@gruendercube.de<\/a>. Only complete application documents will be considered.  <\/p>\n<\/p>\n<p><strong>Contact:<\/strong><\/p>\n<p>FounderCube<\/p>\n<p>Maria-Goeppert-Str. 1a <\/p>\n<p>23562 L\u00fcbeck<\/p>\n<p><a href=\"http:\/\/www.gruendercube.de\">www.gruendercube.de<\/a><\/p><\/p>\n","protected":false},"excerpt":{"rendered":"<p>The price On November 18, 2025, the Sparkasse zu L\u00fcbeck Founder&#8217;s Prize, endowed with 10,000 euros, will be awarded for the ninth time for convincing and sustainable business concepts, carefully researched markets and strong personalities or teams.&nbsp; The prize money is donated by Sparkasse zu L\u00fcbeck AG.https:\/\/uni-luebeck.webex.com\/uni-luebeck\/j.php?MTID=m8659b96cd750d4b83ce9519c32556c81 The award recognizes outstanding and exemplary achievements in [&hellip;]<\/p>\n","protected":false},"author":1,"featured_media":0,"parent":0,"menu_order":0,"comment_status":"closed","ping_status":"closed","template":"","meta":{"inline_featured_image":false,"footnotes":""},"class_list":["post-5661","page","type-page","status-publish","hentry"],"yoast_head":"<!-- This site is optimized with the Yoast SEO plugin v27.4 - https:\/\/yoast.com\/product\/yoast-seo-wordpress\/ -->\n<title>Participation in the start-up prize of Sparkasse zu L\u00fcbeck 2025 - Gr\u00fcnderCube - Gr\u00fcndungsberatung L\u00fcbeck<\/title>\n<meta name=\"robots\" content=\"index, follow, max-snippet:-1, max-image-preview:large, max-video-preview:-1\" \/>\n<link rel=\"canonical\" href=\"https:\/\/www.gruendercube.de\/en\/participation\/\" \/>\n<meta property=\"og:locale\" content=\"en_US\" \/>\n<meta property=\"og:type\" content=\"article\" \/>\n<meta property=\"og:title\" content=\"Participation in the start-up prize of Sparkasse zu L\u00fcbeck 2025 - Gr\u00fcnderCube - Gr\u00fcndungsberatung L\u00fcbeck\" \/>\n<meta property=\"og:description\" content=\"The price On November 18, 2025, the Sparkasse zu L\u00fcbeck Founder&#8217;s Prize, endowed with 10,000 euros, will be awarded for the ninth time for convincing and sustainable business concepts, carefully researched markets and strong personalities or teams.&nbsp; The prize money is donated by Sparkasse zu L\u00fcbeck AG.https:\/\/uni-luebeck.webex.com\/uni-luebeck\/j.php?MTID=m8659b96cd750d4b83ce9519c32556c81 The award recognizes outstanding and exemplary achievements in [&hellip;]\" \/>\n<meta property=\"og:url\" content=\"https:\/\/www.gruendercube.de\/en\/participation\/\" \/>\n<meta property=\"og:site_name\" content=\"Gr\u00fcnderCube - Gr\u00fcndungsberatung L\u00fcbeck\" \/>\n<meta property=\"article:modified_time\" content=\"2025-11-07T10:31:29+00:00\" \/>\n<meta property=\"og:image\" content=\"https:\/\/www.gruendercube.de\/wp-content\/uploads\/2025\/04\/Sparkassenpreis2025-Webteaser-1024x512.jpg\" \/>\n<meta name=\"twitter:card\" content=\"summary_large_image\" \/>\n<meta name=\"twitter:label1\" content=\"Est. reading time\" \/>\n\t<meta name=\"twitter:data1\" content=\"4 minutes\" \/>\n<script type=\"application\/ld+json\" class=\"yoast-schema-graph\">{\"@context\":\"https:\\\/\\\/schema.org\",\"@graph\":[{\"@type\":\"WebPage\",\"@id\":\"https:\\\/\\\/www.gruendercube.de\\\/en\\\/participation\\\/\",\"url\":\"https:\\\/\\\/www.gruendercube.de\\\/en\\\/participation\\\/\",\"name\":\"Participation in the start-up prize of Sparkasse zu L\u00fcbeck 2025 - Gr\u00fcnderCube - Gr\u00fcndungsberatung L\u00fcbeck\",\"isPartOf\":{\"@id\":\"https:\\\/\\\/www.gruendercube.de\\\/#website\"},\"primaryImageOfPage\":{\"@id\":\"https:\\\/\\\/www.gruendercube.de\\\/en\\\/participation\\\/#primaryimage\"},\"image\":{\"@id\":\"https:\\\/\\\/www.gruendercube.de\\\/en\\\/participation\\\/#primaryimage\"},\"thumbnailUrl\":\"https:\\\/\\\/www.gruendercube.de\\\/wp-content\\\/uploads\\\/2025\\\/04\\\/Sparkassenpreis2025-Webteaser-1024x512.jpg\",\"datePublished\":\"2025-04-07T11:31:10+00:00\",\"dateModified\":\"2025-11-07T10:31:29+00:00\",\"breadcrumb\":{\"@id\":\"https:\\\/\\\/www.gruendercube.de\\\/en\\\/participation\\\/#breadcrumb\"},\"inLanguage\":\"en-US\",\"potentialAction\":[{\"@type\":\"ReadAction\",\"target\":[\"https:\\\/\\\/www.gruendercube.de\\\/en\\\/participation\\\/\"]}]},{\"@type\":\"ImageObject\",\"inLanguage\":\"en-US\",\"@id\":\"https:\\\/\\\/www.gruendercube.de\\\/en\\\/participation\\\/#primaryimage\",\"url\":\"https:\\\/\\\/www.gruendercube.de\\\/wp-content\\\/uploads\\\/2025\\\/04\\\/Sparkassenpreis2025-Webteaser-1024x512.jpg\",\"contentUrl\":\"https:\\\/\\\/www.gruendercube.de\\\/wp-content\\\/uploads\\\/2025\\\/04\\\/Sparkassenpreis2025-Webteaser-1024x512.jpg\"},{\"@type\":\"BreadcrumbList\",\"@id\":\"https:\\\/\\\/www.gruendercube.de\\\/en\\\/participation\\\/#breadcrumb\",\"itemListElement\":[{\"@type\":\"ListItem\",\"position\":1,\"name\":\"Startseite\",\"item\":\"https:\\\/\\\/www.gruendercube.de\\\/\"},{\"@type\":\"ListItem\",\"position\":2,\"name\":\"Participation in the start-up prize of Sparkasse zu L\u00fcbeck 2025\"}]},{\"@type\":\"WebSite\",\"@id\":\"https:\\\/\\\/www.gruendercube.de\\\/#website\",\"url\":\"https:\\\/\\\/www.gruendercube.de\\\/\",\"name\":\"Gr\u00fcnderCube - Gr\u00fcndungsberatung L\u00fcbeck\",\"description\":\"Gr\u00fcndungsberatung auf dem Hanse Innovation Campus\",\"publisher\":{\"@id\":\"https:\\\/\\\/www.gruendercube.de\\\/#organization\"},\"potentialAction\":[{\"@type\":\"SearchAction\",\"target\":{\"@type\":\"EntryPoint\",\"urlTemplate\":\"https:\\\/\\\/www.gruendercube.de\\\/?s={search_term_string}\"},\"query-input\":{\"@type\":\"PropertyValueSpecification\",\"valueRequired\":true,\"valueName\":\"search_term_string\"}}],\"inLanguage\":\"en-US\"},{\"@type\":\"Organization\",\"@id\":\"https:\\\/\\\/www.gruendercube.de\\\/#organization\",\"name\":\"Gr\u00fcnderCube - Gr\u00fcndungsberatung L\u00fcbeck\",\"url\":\"https:\\\/\\\/www.gruendercube.de\\\/\",\"logo\":{\"@type\":\"ImageObject\",\"inLanguage\":\"en-US\",\"@id\":\"https:\\\/\\\/www.gruendercube.de\\\/#\\\/schema\\\/logo\\\/image\\\/\",\"url\":\"https:\\\/\\\/www.gruendercube.de\\\/wp-content\\\/uploads\\\/2022\\\/07\\\/Logo-Header-Icon_2.svg\",\"contentUrl\":\"https:\\\/\\\/www.gruendercube.de\\\/wp-content\\\/uploads\\\/2022\\\/07\\\/Logo-Header-Icon_2.svg\",\"width\":772,\"height\":775,\"caption\":\"Gr\u00fcnderCube - Gr\u00fcndungsberatung L\u00fcbeck\"},\"image\":{\"@id\":\"https:\\\/\\\/www.gruendercube.de\\\/#\\\/schema\\\/logo\\\/image\\\/\"},\"sameAs\":[\"https:\\\/\\\/www.linkedin.com\\\/company\\\/grndercube\\\/\"]}]}<\/script>\n<!-- \/ Yoast SEO plugin. -->","yoast_head_json":{"title":"Participation in the start-up prize of Sparkasse zu L\u00fcbeck 2025 - Gr\u00fcnderCube - Gr\u00fcndungsberatung L\u00fcbeck","robots":{"index":"index","follow":"follow","max-snippet":"max-snippet:-1","max-image-preview":"max-image-preview:large","max-video-preview":"max-video-preview:-1"},"canonical":"https:\/\/www.gruendercube.de\/en\/participation\/","og_locale":"en_US","og_type":"article","og_title":"Participation in the start-up prize of Sparkasse zu L\u00fcbeck 2025 - Gr\u00fcnderCube - Gr\u00fcndungsberatung L\u00fcbeck","og_description":"The price On November 18, 2025, the Sparkasse zu L\u00fcbeck Founder&#8217;s Prize, endowed with 10,000 euros, will be awarded for the ninth time for convincing and sustainable business concepts, carefully researched markets and strong personalities or teams.&nbsp; The prize money is donated by Sparkasse zu L\u00fcbeck AG.https:\/\/uni-luebeck.webex.com\/uni-luebeck\/j.php?MTID=m8659b96cd750d4b83ce9519c32556c81 The award recognizes outstanding and exemplary achievements in [&hellip;]","og_url":"https:\/\/www.gruendercube.de\/en\/participation\/","og_site_name":"Gr\u00fcnderCube - Gr\u00fcndungsberatung L\u00fcbeck","article_modified_time":"2025-11-07T10:31:29+00:00","og_image":[{"url":"https:\/\/www.gruendercube.de\/wp-content\/uploads\/2025\/04\/Sparkassenpreis2025-Webteaser-1024x512.jpg","type":"","width":"","height":""}],"twitter_card":"summary_large_image","twitter_misc":{"Est. reading time":"4 minutes"},"schema":{"@context":"https:\/\/schema.org","@graph":[{"@type":"WebPage","@id":"https:\/\/www.gruendercube.de\/en\/participation\/","url":"https:\/\/www.gruendercube.de\/en\/participation\/","name":"Participation in the start-up prize of Sparkasse zu L\u00fcbeck 2025 - Gr\u00fcnderCube - Gr\u00fcndungsberatung L\u00fcbeck","isPartOf":{"@id":"https:\/\/www.gruendercube.de\/#website"},"primaryImageOfPage":{"@id":"https:\/\/www.gruendercube.de\/en\/participation\/#primaryimage"},"image":{"@id":"https:\/\/www.gruendercube.de\/en\/participation\/#primaryimage"},"thumbnailUrl":"https:\/\/www.gruendercube.de\/wp-content\/uploads\/2025\/04\/Sparkassenpreis2025-Webteaser-1024x512.jpg","datePublished":"2025-04-07T11:31:10+00:00","dateModified":"2025-11-07T10:31:29+00:00","breadcrumb":{"@id":"https:\/\/www.gruendercube.de\/en\/participation\/#breadcrumb"},"inLanguage":"en-US","potentialAction":[{"@type":"ReadAction","target":["https:\/\/www.gruendercube.de\/en\/participation\/"]}]},{"@type":"ImageObject","inLanguage":"en-US","@id":"https:\/\/www.gruendercube.de\/en\/participation\/#primaryimage","url":"https:\/\/www.gruendercube.de\/wp-content\/uploads\/2025\/04\/Sparkassenpreis2025-Webteaser-1024x512.jpg","contentUrl":"https:\/\/www.gruendercube.de\/wp-content\/uploads\/2025\/04\/Sparkassenpreis2025-Webteaser-1024x512.jpg"},{"@type":"BreadcrumbList","@id":"https:\/\/www.gruendercube.de\/en\/participation\/#breadcrumb","itemListElement":[{"@type":"ListItem","position":1,"name":"Startseite","item":"https:\/\/www.gruendercube.de\/"},{"@type":"ListItem","position":2,"name":"Participation in the start-up prize of Sparkasse zu L\u00fcbeck 2025"}]},{"@type":"WebSite","@id":"https:\/\/www.gruendercube.de\/#website","url":"https:\/\/www.gruendercube.de\/","name":"Gr\u00fcnderCube - Gr\u00fcndungsberatung L\u00fcbeck","description":"Gr\u00fcndungsberatung auf dem Hanse Innovation Campus","publisher":{"@id":"https:\/\/www.gruendercube.de\/#organization"},"potentialAction":[{"@type":"SearchAction","target":{"@type":"EntryPoint","urlTemplate":"https:\/\/www.gruendercube.de\/?s={search_term_string}"},"query-input":{"@type":"PropertyValueSpecification","valueRequired":true,"valueName":"search_term_string"}}],"inLanguage":"en-US"},{"@type":"Organization","@id":"https:\/\/www.gruendercube.de\/#organization","name":"Gr\u00fcnderCube - Gr\u00fcndungsberatung L\u00fcbeck","url":"https:\/\/www.gruendercube.de\/","logo":{"@type":"ImageObject","inLanguage":"en-US","@id":"https:\/\/www.gruendercube.de\/#\/schema\/logo\/image\/","url":"https:\/\/www.gruendercube.de\/wp-content\/uploads\/2022\/07\/Logo-Header-Icon_2.svg","contentUrl":"https:\/\/www.gruendercube.de\/wp-content\/uploads\/2022\/07\/Logo-Header-Icon_2.svg","width":772,"height":775,"caption":"Gr\u00fcnderCube - Gr\u00fcndungsberatung L\u00fcbeck"},"image":{"@id":"https:\/\/www.gruendercube.de\/#\/schema\/logo\/image\/"},"sameAs":["https:\/\/www.linkedin.com\/company\/grndercube\/"]}]}},"_links":{"self":[{"href":"https:\/\/www.gruendercube.de\/en\/wp-json\/wp\/v2\/pages\/5661","targetHints":{"allow":["GET"]}}],"collection":[{"href":"https:\/\/www.gruendercube.de\/en\/wp-json\/wp\/v2\/pages"}],"about":[{"href":"https:\/\/www.gruendercube.de\/en\/wp-json\/wp\/v2\/types\/page"}],"author":[{"embeddable":true,"href":"https:\/\/www.gruendercube.de\/en\/wp-json\/wp\/v2\/users\/1"}],"replies":[{"embeddable":true,"href":"https:\/\/www.gruendercube.de\/en\/wp-json\/wp\/v2\/comments?post=5661"}],"version-history":[{"count":8,"href":"https:\/\/www.gruendercube.de\/en\/wp-json\/wp\/v2\/pages\/5661\/revisions"}],"predecessor-version":[{"id":6512,"href":"https:\/\/www.gruendercube.de\/en\/wp-json\/wp\/v2\/pages\/5661\/revisions\/6512"}],"wp:attachment":[{"href":"https:\/\/www.gruendercube.de\/en\/wp-json\/wp\/v2\/media?parent=5661"}],"curies":[{"name":"wp","href":"https:\/\/api.w.org\/{rel}","templated":true}]}}